{"id":864,"date":"2024-06-29T11:11:20","date_gmt":"2024-06-29T11:11:20","guid":{"rendered":"http:\/\/xtratheme.com\/default\/?page_id=7"},"modified":"2025-08-21T11:22:09","modified_gmt":"2025-08-21T11:22:09","slug":"restaurant","status":"publish","type":"page","link":"https:\/\/samsgrillhouse.ch\/en\/restaurant\/","title":{"rendered":"Restaurant"},"content":{"rendered":"<div data-elementor-type=\"wp-page\" data-elementor-id=\"864\" class=\"elementor elementor-864\">\n\t\t\t\t<div class=\"elementor-element elementor-element-2060e87 e-flex e-con-boxed e-con e-parent\" data-id=\"2060e87\" data-element_type=\"container\">\n\t\t\t\t\t<div class=\"e-con-inner\">\n\t\t<div class=\"elementor-element elementor-element-9e7e57c e-con-full e-flex elementor-invisible e-con e-child\" data-id=\"9e7e57c\" data-element_type=\"container\" data-settings=\"{&quot;animation&quot;:&quot;fadeInUp&quot;}\">\n\t\t\t\t<div class=\"elementor-element elementor-element-e8f7020 elementor-widget elementor-widget-cz_gallery\" data-id=\"e8f7020\" data-element_type=\"widget\" data-widget_type=\"cz_gallery.default\">\n\t\t\t\t<div class=\"elementor-widget-container\">\n\t\t\t\t\t<div class=\"cz_grid_p\"><div class=\"cz_grid cz_grid_1 clr cz_grid_c4 cz_grid_1_no_title cz_grid_1_mid tac\"><div class=\"cz_grid_item cz_grid_first\"><\/div><div class=\"cz_grid_item\"><div data-title=\"samsgallery-1\"><a class=\"cz_grid_link\" aria-lable=\"Image: samsgallery-1\" href=\"https:\/\/samsgrillhouse.ch\/wp-content\/uploads\/2025\/08\/samsgallery-1.webp\" data-xtra-lightbox><img fetchpriority=\"high\" decoding=\"async\" width=\"600\" height=\"600\" src=\"https:\/\/samsgrillhouse.ch\/wp-content\/uploads\/2025\/08\/samsgallery-1-600x600.webp\" class=\"attachment-codevz_600_600 size-codevz_600_600 wp-image-2243\" alt=\"\" srcset=\"https:\/\/samsgrillhouse.ch\/wp-content\/uploads\/2025\/08\/samsgallery-1-600x600.webp 600w, https:\/\/samsgrillhouse.ch\/wp-content\/uploads\/2025\/08\/samsgallery-1-150x150.webp 150w, https:\/\/samsgrillhouse.ch\/wp-content\/uploads\/2025\/08\/samsgallery-1-100x100.webp 100w\" sizes=\"(max-width: 600px) 100vw, 600px\" \/><div class=\"cz_grid_details\"><i class=\"cz_grid_icon fa fa-search\"><\/i><\/div><\/a><\/div><\/div><div class=\"cz_grid_item\"><div data-title=\"samsgallery-2\"><a class=\"cz_grid_link\" aria-lable=\"Image: samsgallery-2\" href=\"https:\/\/samsgrillhouse.ch\/wp-content\/uploads\/2025\/08\/samsgallery-2.webp\" data-xtra-lightbox><img decoding=\"async\" width=\"600\" height=\"600\" src=\"https:\/\/samsgrillhouse.ch\/wp-content\/uploads\/2025\/08\/samsgallery-2-600x600.webp\" class=\"attachment-codevz_600_600 size-codevz_600_600 wp-image-2244\" alt=\"\" srcset=\"https:\/\/samsgrillhouse.ch\/wp-content\/uploads\/2025\/08\/samsgallery-2-600x600.webp 600w, https:\/\/samsgrillhouse.ch\/wp-content\/uploads\/2025\/08\/samsgallery-2-150x150.webp 150w, https:\/\/samsgrillhouse.ch\/wp-content\/uploads\/2025\/08\/samsgallery-2-100x100.webp 100w\" sizes=\"(max-width: 600px) 100vw, 600px\" \/><div class=\"cz_grid_details\"><i class=\"cz_grid_icon fa fa-search\"><\/i><\/div><\/a><\/div><\/div><div class=\"cz_grid_item\"><div data-title=\"samsgallery-3\"><a class=\"cz_grid_link\" aria-lable=\"Image: samsgallery-3\" href=\"https:\/\/samsgrillhouse.ch\/wp-content\/uploads\/2025\/08\/samsgallery-3.webp\" data-xtra-lightbox><img decoding=\"async\" width=\"600\" height=\"600\" src=\"https:\/\/samsgrillhouse.ch\/wp-content\/uploads\/2025\/08\/samsgallery-3-600x600.webp\" class=\"attachment-codevz_600_600 size-codevz_600_600 wp-image-2245\" alt=\"\" srcset=\"https:\/\/samsgrillhouse.ch\/wp-content\/uploads\/2025\/08\/samsgallery-3-600x600.webp 600w, https:\/\/samsgrillhouse.ch\/wp-content\/uploads\/2025\/08\/samsgallery-3-150x150.webp 150w, https:\/\/samsgrillhouse.ch\/wp-content\/uploads\/2025\/08\/samsgallery-3-100x100.webp 100w\" sizes=\"(max-width: 600px) 100vw, 600px\" \/><div class=\"cz_grid_details\"><i class=\"cz_grid_icon fa fa-search\"><\/i><\/div><\/a><\/div><\/div><div class=\"cz_grid_item\"><div data-title=\"samsgallery-4\"><a class=\"cz_grid_link\" aria-lable=\"Image: samsgallery-4\" href=\"https:\/\/samsgrillhouse.ch\/wp-content\/uploads\/2025\/08\/samsgallery-4.webp\" data-xtra-lightbox><img loading=\"lazy\" decoding=\"async\" width=\"600\" height=\"600\" src=\"https:\/\/samsgrillhouse.ch\/wp-content\/uploads\/2025\/08\/samsgallery-4-600x600.webp\" class=\"attachment-codevz_600_600 size-codevz_600_600 wp-image-2246\" alt=\"\" srcset=\"https:\/\/samsgrillhouse.ch\/wp-content\/uploads\/2025\/08\/samsgallery-4-600x600.webp 600w, https:\/\/samsgrillhouse.ch\/wp-content\/uploads\/2025\/08\/samsgallery-4-150x150.webp 150w, https:\/\/samsgrillhouse.ch\/wp-content\/uploads\/2025\/08\/samsgallery-4-100x100.webp 100w\" sizes=\"(max-width: 600px) 100vw, 600px\" \/><div class=\"cz_grid_details\"><i class=\"cz_grid_icon fa fa-search\"><\/i><\/div><\/a><\/div><\/div><div class=\"cz_grid_item\"><div data-title=\"samsgallery-5\"><a class=\"cz_grid_link\" aria-lable=\"Image: samsgallery-5\" href=\"https:\/\/samsgrillhouse.ch\/wp-content\/uploads\/2025\/08\/samsgallery-5.webp\" data-xtra-lightbox><img loading=\"lazy\" decoding=\"async\" width=\"600\" height=\"600\" src=\"https:\/\/samsgrillhouse.ch\/wp-content\/uploads\/2025\/08\/samsgallery-5-600x600.webp\" class=\"attachment-codevz_600_600 size-codevz_600_600 wp-image-2247\" alt=\"\" srcset=\"https:\/\/samsgrillhouse.ch\/wp-content\/uploads\/2025\/08\/samsgallery-5-600x600.webp 600w, https:\/\/samsgrillhouse.ch\/wp-content\/uploads\/2025\/08\/samsgallery-5-150x150.webp 150w, https:\/\/samsgrillhouse.ch\/wp-content\/uploads\/2025\/08\/samsgallery-5-100x100.webp 100w\" sizes=\"(max-width: 600px) 100vw, 600px\" \/><div class=\"cz_grid_details\"><i class=\"cz_grid_icon fa fa-search\"><\/i><\/div><\/a><\/div><\/div><div class=\"cz_grid_item\"><div data-title=\"samsgallery-11\"><a class=\"cz_grid_link\" aria-lable=\"Image: samsgallery-11\" href=\"https:\/\/samsgrillhouse.ch\/wp-content\/uploads\/2025\/08\/samsgallery-11.webp\" data-xtra-lightbox><img loading=\"lazy\" decoding=\"async\" width=\"600\" height=\"600\" src=\"https:\/\/samsgrillhouse.ch\/wp-content\/uploads\/2025\/08\/samsgallery-11-600x600.webp\" class=\"attachment-codevz_600_600 size-codevz_600_600 wp-image-2253\" alt=\"\" srcset=\"https:\/\/samsgrillhouse.ch\/wp-content\/uploads\/2025\/08\/samsgallery-11-600x600.webp 600w, https:\/\/samsgrillhouse.ch\/wp-content\/uploads\/2025\/08\/samsgallery-11-150x150.webp 150w, https:\/\/samsgrillhouse.ch\/wp-content\/uploads\/2025\/08\/samsgallery-11-100x100.webp 100w\" sizes=\"(max-width: 600px) 100vw, 600px\" \/><div class=\"cz_grid_details\"><i class=\"cz_grid_icon fa fa-search\"><\/i><\/div><\/a><\/div><\/div><div class=\"cz_grid_item\"><div data-title=\"samsgallery-7\"><a class=\"cz_grid_link\" aria-lable=\"Image: samsgallery-7\" href=\"https:\/\/samsgrillhouse.ch\/wp-content\/uploads\/2025\/08\/samsgallery-7.webp\" data-xtra-lightbox><img loading=\"lazy\" decoding=\"async\" width=\"600\" height=\"600\" src=\"https:\/\/samsgrillhouse.ch\/wp-content\/uploads\/2025\/08\/samsgallery-7-600x600.webp\" class=\"attachment-codevz_600_600 size-codevz_600_600 wp-image-2249\" alt=\"\" srcset=\"https:\/\/samsgrillhouse.ch\/wp-content\/uploads\/2025\/08\/samsgallery-7-600x600.webp 600w, https:\/\/samsgrillhouse.ch\/wp-content\/uploads\/2025\/08\/samsgallery-7-150x150.webp 150w, https:\/\/samsgrillhouse.ch\/wp-content\/uploads\/2025\/08\/samsgallery-7-100x100.webp 100w\" sizes=\"(max-width: 600px) 100vw, 600px\" \/><div class=\"cz_grid_details\"><i class=\"cz_grid_icon fa fa-search\"><\/i><\/div><\/a><\/div><\/div><div class=\"cz_grid_item\"><div data-title=\"samsgallery-8\"><a class=\"cz_grid_link\" aria-lable=\"Image: samsgallery-8\" href=\"https:\/\/samsgrillhouse.ch\/wp-content\/uploads\/2025\/08\/samsgallery-8.webp\" data-xtra-lightbox><img loading=\"lazy\" decoding=\"async\" width=\"600\" height=\"600\" src=\"https:\/\/samsgrillhouse.ch\/wp-content\/uploads\/2025\/08\/samsgallery-8-600x600.webp\" class=\"attachment-codevz_600_600 size-codevz_600_600 wp-image-2250\" alt=\"\" srcset=\"https:\/\/samsgrillhouse.ch\/wp-content\/uploads\/2025\/08\/samsgallery-8-600x600.webp 600w, https:\/\/samsgrillhouse.ch\/wp-content\/uploads\/2025\/08\/samsgallery-8-150x150.webp 150w, https:\/\/samsgrillhouse.ch\/wp-content\/uploads\/2025\/08\/samsgallery-8-100x100.webp 100w\" sizes=\"(max-width: 600px) 100vw, 600px\" \/><div class=\"cz_grid_details\"><i class=\"cz_grid_icon fa fa-search\"><\/i><\/div><\/a><\/div><\/div><div class=\"cz_grid_item\"><div data-title=\"samsgallery-9\"><a class=\"cz_grid_link\" aria-lable=\"Image: samsgallery-9\" href=\"https:\/\/samsgrillhouse.ch\/wp-content\/uploads\/2025\/08\/samsgallery-9.webp\" data-xtra-lightbox><img loading=\"lazy\" decoding=\"async\" width=\"600\" height=\"600\" src=\"https:\/\/samsgrillhouse.ch\/wp-content\/uploads\/2025\/08\/samsgallery-9-600x600.webp\" class=\"attachment-codevz_600_600 size-codevz_600_600 wp-image-2251\" alt=\"\" srcset=\"https:\/\/samsgrillhouse.ch\/wp-content\/uploads\/2025\/08\/samsgallery-9-600x600.webp 600w, https:\/\/samsgrillhouse.ch\/wp-content\/uploads\/2025\/08\/samsgallery-9-150x150.webp 150w, https:\/\/samsgrillhouse.ch\/wp-content\/uploads\/2025\/08\/samsgallery-9-100x100.webp 100w\" sizes=\"(max-width: 600px) 100vw, 600px\" \/><div class=\"cz_grid_details\"><i class=\"cz_grid_icon fa fa-search\"><\/i><\/div><\/a><\/div><\/div><div class=\"cz_grid_item\"><div data-title=\"samsgallery-10\"><a class=\"cz_grid_link\" aria-lable=\"Image: samsgallery-10\" href=\"https:\/\/samsgrillhouse.ch\/wp-content\/uploads\/2025\/08\/samsgallery-10.webp\" data-xtra-lightbox><img loading=\"lazy\" decoding=\"async\" width=\"600\" height=\"600\" src=\"https:\/\/samsgrillhouse.ch\/wp-content\/uploads\/2025\/08\/samsgallery-10-600x600.webp\" class=\"attachment-codevz_600_600 size-codevz_600_600 wp-image-2252\" alt=\"\" srcset=\"https:\/\/samsgrillhouse.ch\/wp-content\/uploads\/2025\/08\/samsgallery-10-600x600.webp 600w, https:\/\/samsgrillhouse.ch\/wp-content\/uploads\/2025\/08\/samsgallery-10-150x150.webp 150w, https:\/\/samsgrillhouse.ch\/wp-content\/uploads\/2025\/08\/samsgallery-10-100x100.webp 100w\" sizes=\"(max-width: 600px) 100vw, 600px\" \/><div class=\"cz_grid_details\"><i class=\"cz_grid_icon fa fa-search\"><\/i><\/div><\/a><\/div><\/div><div class=\"cz_grid_item\"><div data-title=\"samsgallery-6\"><a class=\"cz_grid_link\" aria-lable=\"Image: samsgallery-6\" href=\"https:\/\/samsgrillhouse.ch\/wp-content\/uploads\/2025\/08\/samsgallery-6.webp\" data-xtra-lightbox><img loading=\"lazy\" decoding=\"async\" width=\"600\" height=\"600\" src=\"https:\/\/samsgrillhouse.ch\/wp-content\/uploads\/2025\/08\/samsgallery-6-600x600.webp\" class=\"attachment-codevz_600_600 size-codevz_600_600 wp-image-2248\" alt=\"\" srcset=\"https:\/\/samsgrillhouse.ch\/wp-content\/uploads\/2025\/08\/samsgallery-6-600x600.webp 600w, https:\/\/samsgrillhouse.ch\/wp-content\/uploads\/2025\/08\/samsgallery-6-150x150.webp 150w, https:\/\/samsgrillhouse.ch\/wp-content\/uploads\/2025\/08\/samsgallery-6-100x100.webp 100w\" sizes=\"(max-width: 600px) 100vw, 600px\" \/><div class=\"cz_grid_details\"><i class=\"cz_grid_icon fa fa-search\"><\/i><\/div><\/a><\/div><\/div><div class=\"cz_grid_item\"><div data-title=\"samsgallery-12\"><a class=\"cz_grid_link\" aria-lable=\"Image: samsgallery-12\" href=\"https:\/\/samsgrillhouse.ch\/wp-content\/uploads\/2025\/08\/samsgallery-12.webp\" data-xtra-lightbox><img loading=\"lazy\" decoding=\"async\" width=\"600\" height=\"600\" src=\"https:\/\/samsgrillhouse.ch\/wp-content\/uploads\/2025\/08\/samsgallery-12-600x600.webp\" class=\"attachment-codevz_600_600 size-codevz_600_600 wp-image-2254\" alt=\"\" srcset=\"https:\/\/samsgrillhouse.ch\/wp-content\/uploads\/2025\/08\/samsgallery-12-600x600.webp 600w, https:\/\/samsgrillhouse.ch\/wp-content\/uploads\/2025\/08\/samsgallery-12-150x150.webp 150w, https:\/\/samsgrillhouse.ch\/wp-content\/uploads\/2025\/08\/samsgallery-12-100x100.webp 100w\" sizes=\"(max-width: 600px) 100vw, 600px\" \/><div class=\"cz_grid_details\"><i class=\"cz_grid_icon fa fa-search\"><\/i><\/div><\/a><\/div><\/div><\/div><\/div>\t\t\t\t<\/div>\n\t\t\t\t<\/div>\n\t\t\t\t<\/div>\n\t\t\t\t\t<\/div>\n\t\t\t\t<\/div>\n\t\t\t\t<\/div>","protected":false},"excerpt":{"rendered":"","protected":false},"author":1,"featured_media":1885,"parent":0,"menu_order":0,"comment_status":"closed","ping_status":"closed","template":"","meta":{"footnotes":""},"class_list":["post-864","page","type-page","status-publish","has-post-thumbnail","hentry"],"yoast_head":"<!-- This site is optimized with the Yoast SEO plugin v25.7 - https:\/\/yoast.com\/wordpress\/plugins\/seo\/ -->\n<title>Restaurant - Sam&#039;s Grill House<\/title>\n<meta name=\"description\" content=\"D\u00e9couvrez Sam\u2019s Grillhouse : pides, kebabs, mezz\u00e9s et grillades m\u00e9diterran\u00e9ennes dans une ambiance chaleureuse en Suisse.\" \/>\n<meta name=\"robots\" content=\"index, follow, max-snippet:-1, max-image-preview:large, max-video-preview:-1\" \/>\n<link rel=\"canonical\" href=\"https:\/\/samsgrillhouse.ch\/en\/restaurant\/\" \/>\n<meta property=\"og:locale\" content=\"en_US\" \/>\n<meta property=\"og:type\" content=\"article\" \/>\n<meta property=\"og:title\" content=\"Restaurant - Sam&#039;s Grill House\" \/>\n<meta property=\"og:description\" content=\"D\u00e9couvrez Sam\u2019s Grillhouse : pides, kebabs, mezz\u00e9s et grillades m\u00e9diterran\u00e9ennes dans une ambiance chaleureuse en Suisse.\" \/>\n<meta property=\"og:url\" content=\"https:\/\/samsgrillhouse.ch\/en\/restaurant\/\" \/>\n<meta property=\"og:site_name\" content=\"Sam&#039;s Grill House\" \/>\n<meta property=\"article:modified_time\" content=\"2025-08-21T11:22:09+00:00\" \/>\n<meta property=\"og:image\" content=\"https:\/\/samsgrillhouse.ch\/wp-content\/uploads\/2025\/08\/favicon-1.webp\" \/>\n\t<meta property=\"og:image:width\" content=\"800\" \/>\n\t<meta property=\"og:image:height\" content=\"800\" \/>\n\t<meta property=\"og:image:type\" content=\"image\/webp\" \/>\n<meta name=\"twitter:card\" content=\"summary_large_image\" \/>\n<meta name=\"twitter:label1\" content=\"Est. reading time\" \/>\n\t<meta name=\"twitter:data1\" content=\"3 minutes\" \/>\n<script type=\"application\/ld+json\" class=\"yoast-schema-graph\">{\"@context\":\"https:\/\/schema.org\",\"@graph\":[{\"@type\":\"WebPage\",\"@id\":\"https:\/\/samsgrillhouse.ch\/restaurant\/\",\"url\":\"https:\/\/samsgrillhouse.ch\/restaurant\/\",\"name\":\"Restaurant - Sam&#039;s Grill House\",\"isPartOf\":{\"@id\":\"https:\/\/samsgrillhouse.ch\/#website\"},\"primaryImageOfPage\":{\"@id\":\"https:\/\/samsgrillhouse.ch\/restaurant\/#primaryimage\"},\"image\":{\"@id\":\"https:\/\/samsgrillhouse.ch\/restaurant\/#primaryimage\"},\"thumbnailUrl\":\"https:\/\/samsgrillhouse.ch\/wp-content\/uploads\/2025\/08\/favicon-1.webp\",\"datePublished\":\"2024-06-29T11:11:20+00:00\",\"dateModified\":\"2025-08-21T11:22:09+00:00\",\"description\":\"D\u00e9couvrez Sam\u2019s Grillhouse : pides, kebabs, mezz\u00e9s et grillades m\u00e9diterran\u00e9ennes dans une ambiance chaleureuse en Suisse.\",\"breadcrumb\":{\"@id\":\"https:\/\/samsgrillhouse.ch\/restaurant\/#breadcrumb\"},\"inLanguage\":\"en-US\",\"potentialAction\":[{\"@type\":\"ReadAction\",\"target\":[\"https:\/\/samsgrillhouse.ch\/restaurant\/\"]}]},{\"@type\":\"ImageObject\",\"inLanguage\":\"en-US\",\"@id\":\"https:\/\/samsgrillhouse.ch\/restaurant\/#primaryimage\",\"url\":\"https:\/\/samsgrillhouse.ch\/wp-content\/uploads\/2025\/08\/favicon-1.webp\",\"contentUrl\":\"https:\/\/samsgrillhouse.ch\/wp-content\/uploads\/2025\/08\/favicon-1.webp\",\"width\":800,\"height\":800},{\"@type\":\"BreadcrumbList\",\"@id\":\"https:\/\/samsgrillhouse.ch\/restaurant\/#breadcrumb\",\"itemListElement\":[{\"@type\":\"ListItem\",\"position\":1,\"name\":\"Home\",\"item\":\"https:\/\/samsgrillhouse.ch\/\"},{\"@type\":\"ListItem\",\"position\":2,\"name\":\"Restaurant\"}]},{\"@type\":\"WebSite\",\"@id\":\"https:\/\/samsgrillhouse.ch\/#website\",\"url\":\"https:\/\/samsgrillhouse.ch\/\",\"name\":\"Sam's Grillhouse\",\"description\":\"La Saveur au Feu de Suisse\",\"publisher\":{\"@id\":\"https:\/\/samsgrillhouse.ch\/#organization\"},\"potentialAction\":[{\"@type\":\"SearchAction\",\"target\":{\"@type\":\"EntryPoint\",\"urlTemplate\":\"https:\/\/samsgrillhouse.ch\/?s={search_term_string}\"},\"query-input\":{\"@type\":\"PropertyValueSpecification\",\"valueRequired\":true,\"valueName\":\"search_term_string\"}}],\"inLanguage\":\"en-US\"},{\"@type\":\"Organization\",\"@id\":\"https:\/\/samsgrillhouse.ch\/#organization\",\"name\":\"Sam's Grillhouse\",\"url\":\"https:\/\/samsgrillhouse.ch\/\",\"logo\":{\"@type\":\"ImageObject\",\"inLanguage\":\"en-US\",\"@id\":\"https:\/\/samsgrillhouse.ch\/#\/schema\/logo\/image\/\",\"url\":\"https:\/\/samsgrillhouse.ch\/wp-content\/uploads\/2025\/08\/vertical-logo-1.webp\",\"contentUrl\":\"https:\/\/samsgrillhouse.ch\/wp-content\/uploads\/2025\/08\/vertical-logo-1.webp\",\"width\":407,\"height\":532,\"caption\":\"Sam's Grillhouse\"},\"image\":{\"@id\":\"https:\/\/samsgrillhouse.ch\/#\/schema\/logo\/image\/\"}}]}<\/script>\n<!-- \/ Yoast SEO plugin. -->","yoast_head_json":{"title":"Restaurant - Sam's Grill House","description":"Discover Sam's Grillhouse: pides, kebabs, mezz\u00e9s and Mediterranean grills in a warm Swiss atmosphere.","robots":{"index":"index","follow":"follow","max-snippet":"max-snippet:-1","max-image-preview":"max-image-preview:large","max-video-preview":"max-video-preview:-1"},"canonical":"https:\/\/samsgrillhouse.ch\/en\/restaurant\/","og_locale":"en_US","og_type":"article","og_title":"Restaurant - Sam&#039;s Grill House","og_description":"D\u00e9couvrez Sam\u2019s Grillhouse : pides, kebabs, mezz\u00e9s et grillades m\u00e9diterran\u00e9ennes dans une ambiance chaleureuse en Suisse.","og_url":"https:\/\/samsgrillhouse.ch\/en\/restaurant\/","og_site_name":"Sam&#039;s Grill House","article_modified_time":"2025-08-21T11:22:09+00:00","og_image":[{"width":800,"height":800,"url":"https:\/\/samsgrillhouse.ch\/wp-content\/uploads\/2025\/08\/favicon-1.webp","type":"image\/webp"}],"twitter_card":"summary_large_image","twitter_misc":{"Est. reading time":"3 minutes"},"schema":{"@context":"https:\/\/schema.org","@graph":[{"@type":"WebPage","@id":"https:\/\/samsgrillhouse.ch\/restaurant\/","url":"https:\/\/samsgrillhouse.ch\/restaurant\/","name":"Restaurant - Sam's Grill House","isPartOf":{"@id":"https:\/\/samsgrillhouse.ch\/#website"},"primaryImageOfPage":{"@id":"https:\/\/samsgrillhouse.ch\/restaurant\/#primaryimage"},"image":{"@id":"https:\/\/samsgrillhouse.ch\/restaurant\/#primaryimage"},"thumbnailUrl":"https:\/\/samsgrillhouse.ch\/wp-content\/uploads\/2025\/08\/favicon-1.webp","datePublished":"2024-06-29T11:11:20+00:00","dateModified":"2025-08-21T11:22:09+00:00","description":"Discover Sam's Grillhouse: pides, kebabs, mezz\u00e9s and Mediterranean grills in a warm Swiss atmosphere.","breadcrumb":{"@id":"https:\/\/samsgrillhouse.ch\/restaurant\/#breadcrumb"},"inLanguage":"en-US","potentialAction":[{"@type":"ReadAction","target":["https:\/\/samsgrillhouse.ch\/restaurant\/"]}]},{"@type":"ImageObject","inLanguage":"en-US","@id":"https:\/\/samsgrillhouse.ch\/restaurant\/#primaryimage","url":"https:\/\/samsgrillhouse.ch\/wp-content\/uploads\/2025\/08\/favicon-1.webp","contentUrl":"https:\/\/samsgrillhouse.ch\/wp-content\/uploads\/2025\/08\/favicon-1.webp","width":800,"height":800},{"@type":"BreadcrumbList","@id":"https:\/\/samsgrillhouse.ch\/restaurant\/#breadcrumb","itemListElement":[{"@type":"ListItem","position":1,"name":"Home","item":"https:\/\/samsgrillhouse.ch\/"},{"@type":"ListItem","position":2,"name":"Restaurant"}]},{"@type":"WebSite","@id":"https:\/\/samsgrillhouse.ch\/#website","url":"https:\/\/samsgrillhouse.ch\/","name":"Sam's Grillhouse","description":"Swiss Fire Flavour","publisher":{"@id":"https:\/\/samsgrillhouse.ch\/#organization"},"potentialAction":[{"@type":"SearchAction","target":{"@type":"EntryPoint","urlTemplate":"https:\/\/samsgrillhouse.ch\/?s={search_term_string}"},"query-input":{"@type":"PropertyValueSpecification","valueRequired":true,"valueName":"search_term_string"}}],"inLanguage":"en-US"},{"@type":"Organization","@id":"https:\/\/samsgrillhouse.ch\/#organization","name":"Sam's Grillhouse","url":"https:\/\/samsgrillhouse.ch\/","logo":{"@type":"ImageObject","inLanguage":"en-US","@id":"https:\/\/samsgrillhouse.ch\/#\/schema\/logo\/image\/","url":"https:\/\/samsgrillhouse.ch\/wp-content\/uploads\/2025\/08\/vertical-logo-1.webp","contentUrl":"https:\/\/samsgrillhouse.ch\/wp-content\/uploads\/2025\/08\/vertical-logo-1.webp","width":407,"height":532,"caption":"Sam's Grillhouse"},"image":{"@id":"https:\/\/samsgrillhouse.ch\/#\/schema\/logo\/image\/"}}]}},"_links":{"self":[{"href":"https:\/\/samsgrillhouse.ch\/en\/wp-json\/wp\/v2\/pages\/864","targetHints":{"allow":["GET"]}}],"collection":[{"href":"https:\/\/samsgrillhouse.ch\/en\/wp-json\/wp\/v2\/pages"}],"about":[{"href":"https:\/\/samsgrillhouse.ch\/en\/wp-json\/wp\/v2\/types\/page"}],"author":[{"embeddable":true,"href":"https:\/\/samsgrillhouse.ch\/en\/wp-json\/wp\/v2\/users\/1"}],"replies":[{"embeddable":true,"href":"https:\/\/samsgrillhouse.ch\/en\/wp-json\/wp\/v2\/comments?post=864"}],"version-history":[{"count":0,"href":"https:\/\/samsgrillhouse.ch\/en\/wp-json\/wp\/v2\/pages\/864\/revisions"}],"wp:featuredmedia":[{"embeddable":true,"href":"https:\/\/samsgrillhouse.ch\/en\/wp-json\/wp\/v2\/media\/1885"}],"wp:attachment":[{"href":"https:\/\/samsgrillhouse.ch\/en\/wp-json\/wp\/v2\/media?parent=864"}],"curies":[{"name":"wp","href":"https:\/\/api.w.org\/{rel}","templated":true}]}}