{"id":3,"date":"2025-08-12T07:26:16","date_gmt":"2025-08-12T07:26:16","guid":{"rendered":"https:\/\/samsgrillhouse.ch\/?page_id=3"},"modified":"2025-08-13T07:44:04","modified_gmt":"2025-08-13T07:44:04","slug":"privacy-policy","status":"publish","type":"page","link":"https:\/\/samsgrillhouse.ch\/en\/privacy-policy\/","title":{"rendered":"Privacy Policy"},"content":{"rendered":"<div data-elementor-type=\"wp-page\" data-elementor-id=\"3\" class=\"elementor elementor-3\">\n\t\t\t\t<div class=\"elementor-element elementor-element-73ef9f2 e-flex e-con-boxed e-con e-parent\" data-id=\"73ef9f2\" data-element_type=\"container\">\n\t\t\t\t\t<div class=\"e-con-inner\">\n\t\t<div class=\"elementor-element elementor-element-b0ea2a2 e-con-full e-flex elementor-invisible e-con e-child\" data-id=\"b0ea2a2\" data-element_type=\"container\" data-settings=\"{&quot;animation&quot;:&quot;fadeInUp&quot;}\">\n\t\t\t\t<div class=\"elementor-element elementor-element-992e14b elementor-widget elementor-widget-cz_title\" data-id=\"992e14b\" data-element_type=\"widget\" data-settings=\"{&quot;_animation&quot;:&quot;none&quot;}\" data-widget_type=\"cz_title.default\">\n\t\t\t\t<div class=\"elementor-widget-container\">\n\t\t\t\t\t\t\r\n\t\t<div>\r\n\t\t\t<div class=\"cz_title clr cz_mobile_text_center cz_title_has_icon cz_title_pos_inline\"><div class=\"cz_title_content\"><span class=\"cz_line_side_solo\">_<\/span><i class=\"cz_title_icon_before cz_title_number\"><span>01<\/span><\/i><div class=\"cz_wpe_content\"><p>LEGAL DOCUMENTS<\/p><\/div><\/div><\/div>\r\n\t\t<\/div>\r\n\t\t\r\n\t\t\t\t\t\t<\/div>\n\t\t\t\t<\/div>\n\t\t\t\t<div class=\"elementor-element elementor-element-ce7d37c elementor-widget elementor-widget-cz_title\" data-id=\"ce7d37c\" data-element_type=\"widget\" data-settings=\"{&quot;_animation&quot;:&quot;none&quot;}\" data-widget_type=\"cz_title.default\">\n\t\t\t\t<div class=\"elementor-widget-container\">\n\t\t\t\t\t\t\r\n\t\t<div>\r\n\t\t\t<div class=\"cz_title clr cz_mobile_text_center cz_title_pos_inline\"><div class=\"cz_title_content\"><div class=\"cz_wpe_content\"><h1>Policy <span style=\"color: #e31f25;\">Privacy<\/span><\/h1><\/div><\/div><\/div>\r\n\t\t<\/div>\r\n\t\t\r\n\t\t\t\t\t\t<\/div>\n\t\t\t\t<\/div>\n\t\t\t\t<div class=\"elementor-element elementor-element-b98b4bd elementor-widget elementor-widget-cz_title\" data-id=\"b98b4bd\" data-element_type=\"widget\" data-settings=\"{&quot;_animation&quot;:&quot;none&quot;}\" data-widget_type=\"cz_title.default\">\n\t\t\t\t<div class=\"elementor-widget-container\">\n\t\t\t\t\t\t\r\n\t\t<div>\r\n\t\t\t<div class=\"cz_title clr cz_mobile_text_center cz_title_pos_inline\"><div class=\"cz_title_content\"><div class=\"cz_wpe_content\"><p>At Sam's Grillhouse, your privacy is very important to us. Any personal data you provide to us, such as your name, contact details, reservation or order information, is treated confidentially and used only to respond to your requests, ensure the smooth running of our services and improve your experience. We comply with the requirements of the General Data Protection Regulation (RGPD) as well as the Swiss Federal Data Protection Act (nLPD).<\/p><\/div><\/div><\/div>\r\n\t\t<\/div>\r\n\t\t\r\n\t\t\t\t\t\t<\/div>\n\t\t\t\t<\/div>\n\t\t\t\t<div class=\"elementor-element elementor-element-8adc1fe elementor-widget elementor-widget-cz_title\" data-id=\"8adc1fe\" data-element_type=\"widget\" data-settings=\"{&quot;_animation&quot;:&quot;none&quot;}\" data-widget_type=\"cz_title.default\">\n\t\t\t\t<div class=\"elementor-widget-container\">\n\t\t\t\t\t\t\r\n\t\t<div>\r\n\t\t\t<div class=\"cz_title clr cz_mobile_text_center cz_title_pos_inline\"><div class=\"cz_title_content\"><div class=\"cz_wpe_content\"><p>We only share your data with trusted service providers when necessary, for example to manage payments or deliveries, and only for the intended purpose. None of your information will be sold to third parties, and we take all necessary technical and organizational measures to guarantee its security.<\/p><\/div><\/div><\/div>\r\n\t\t<\/div>\r\n\t\t\r\n\t\t\t\t\t\t<\/div>\n\t\t\t\t<\/div>\n\t\t\t\t<div class=\"elementor-element elementor-element-aba9d94 elementor-widget elementor-widget-cz_title\" data-id=\"aba9d94\" data-element_type=\"widget\" data-settings=\"{&quot;_animation&quot;:&quot;none&quot;}\" data-widget_type=\"cz_title.default\">\n\t\t\t\t<div class=\"elementor-widget-container\">\n\t\t\t\t\t\t\r\n\t\t<div>\r\n\t\t\t<div class=\"cz_title clr cz_mobile_text_center cz_title_pos_inline\"><div class=\"cz_title_content\"><div class=\"cz_wpe_content\"><p>You have the right to access, rectify, object to or delete your personal data at any time. If you have any questions or requests relating to the protection of your data, please contact us using the contact details on this site.<\/p><\/div><\/div><\/div>\r\n\t\t<\/div>\r\n\t\t\r\n\t\t\t\t\t\t<\/div>\n\t\t\t\t<\/div>\n\t\t\t\t<\/div>\n\t\t\t\t\t<\/div>\n\t\t\t\t<\/div>\n\t\t\t\t<\/div>","protected":false},"excerpt":{"rendered":"<p>_01 DOCUMENTS L\u00c9GAUX Politique de Confidentialit\u00e9 Chez Sam\u2019s Grillhouse, nous accordons &#8230; <\/p>","protected":false},"author":1,"featured_media":1885,"parent":0,"menu_order":0,"comment_status":"closed","ping_status":"closed","template":"","meta":{"footnotes":""},"class_list":["post-3","page","type-page","status-publish","has-post-thumbnail","hentry"],"yoast_head":"<!-- This site is optimized with the Yoast SEO plugin v25.7 - https:\/\/yoast.com\/wordpress\/plugins\/seo\/ -->\n<title>Politique de Confidentialit\u00e9 - Sam&#039;s Grill House<\/title>\n<meta name=\"description\" content=\"D\u00e9couvrez comment Sam\u2019s Grillhouse prot\u00e8ge vos donn\u00e9es personnelles selon le RGPD et la loi suisse sur la protection des donn\u00e9es.\" \/>\n<meta name=\"robots\" content=\"index, follow, max-snippet:-1, max-image-preview:large, max-video-preview:-1\" \/>\n<link rel=\"canonical\" href=\"https:\/\/samsgrillhouse.ch\/en\/privacy-policy\/\" \/>\n<meta property=\"og:locale\" content=\"en_US\" \/>\n<meta property=\"og:type\" content=\"article\" \/>\n<meta property=\"og:title\" content=\"Politique de Confidentialit\u00e9 - Sam&#039;s Grill House\" \/>\n<meta property=\"og:description\" content=\"D\u00e9couvrez comment Sam\u2019s Grillhouse prot\u00e8ge vos donn\u00e9es personnelles selon le RGPD et la loi suisse sur la protection des donn\u00e9es.\" \/>\n<meta property=\"og:url\" content=\"https:\/\/samsgrillhouse.ch\/en\/privacy-policy\/\" \/>\n<meta property=\"og:site_name\" content=\"Sam&#039;s Grill House\" \/>\n<meta property=\"article:modified_time\" content=\"2025-08-13T07:44:04+00:00\" \/>\n<meta property=\"og:image\" content=\"https:\/\/samsgrillhouse.ch\/wp-content\/uploads\/2025\/08\/favicon-1.webp\" \/>\n\t<meta property=\"og:image:width\" content=\"800\" \/>\n\t<meta property=\"og:image:height\" content=\"800\" \/>\n\t<meta property=\"og:image:type\" content=\"image\/webp\" \/>\n<meta name=\"twitter:card\" content=\"summary_large_image\" \/>\n<meta name=\"twitter:label1\" content=\"Est. reading time\" \/>\n\t<meta name=\"twitter:data1\" content=\"2 minutes\" \/>\n<script type=\"application\/ld+json\" class=\"yoast-schema-graph\">{\"@context\":\"https:\/\/schema.org\",\"@graph\":[{\"@type\":\"WebPage\",\"@id\":\"https:\/\/samsgrillhouse.ch\/privacy-policy\/\",\"url\":\"https:\/\/samsgrillhouse.ch\/privacy-policy\/\",\"name\":\"Politique de Confidentialit\u00e9 - Sam&#039;s Grill House\",\"isPartOf\":{\"@id\":\"https:\/\/samsgrillhouse.ch\/#website\"},\"primaryImageOfPage\":{\"@id\":\"https:\/\/samsgrillhouse.ch\/privacy-policy\/#primaryimage\"},\"image\":{\"@id\":\"https:\/\/samsgrillhouse.ch\/privacy-policy\/#primaryimage\"},\"thumbnailUrl\":\"https:\/\/samsgrillhouse.ch\/wp-content\/uploads\/2025\/08\/favicon-1.webp\",\"datePublished\":\"2025-08-12T07:26:16+00:00\",\"dateModified\":\"2025-08-13T07:44:04+00:00\",\"description\":\"D\u00e9couvrez comment Sam\u2019s Grillhouse prot\u00e8ge vos donn\u00e9es personnelles selon le RGPD et la loi suisse sur la protection des donn\u00e9es.\",\"breadcrumb\":{\"@id\":\"https:\/\/samsgrillhouse.ch\/privacy-policy\/#breadcrumb\"},\"inLanguage\":\"en-US\",\"potentialAction\":[{\"@type\":\"ReadAction\",\"target\":[\"https:\/\/samsgrillhouse.ch\/privacy-policy\/\"]}]},{\"@type\":\"ImageObject\",\"inLanguage\":\"en-US\",\"@id\":\"https:\/\/samsgrillhouse.ch\/privacy-policy\/#primaryimage\",\"url\":\"https:\/\/samsgrillhouse.ch\/wp-content\/uploads\/2025\/08\/favicon-1.webp\",\"contentUrl\":\"https:\/\/samsgrillhouse.ch\/wp-content\/uploads\/2025\/08\/favicon-1.webp\",\"width\":800,\"height\":800},{\"@type\":\"BreadcrumbList\",\"@id\":\"https:\/\/samsgrillhouse.ch\/privacy-policy\/#breadcrumb\",\"itemListElement\":[{\"@type\":\"ListItem\",\"position\":1,\"name\":\"Home\",\"item\":\"https:\/\/samsgrillhouse.ch\/\"},{\"@type\":\"ListItem\",\"position\":2,\"name\":\"Politique de Confidentialit\u00e9\"}]},{\"@type\":\"WebSite\",\"@id\":\"https:\/\/samsgrillhouse.ch\/#website\",\"url\":\"https:\/\/samsgrillhouse.ch\/\",\"name\":\"Sam's Grillhouse\",\"description\":\"La Saveur au Feu de Suisse\",\"publisher\":{\"@id\":\"https:\/\/samsgrillhouse.ch\/#organization\"},\"potentialAction\":[{\"@type\":\"SearchAction\",\"target\":{\"@type\":\"EntryPoint\",\"urlTemplate\":\"https:\/\/samsgrillhouse.ch\/?s={search_term_string}\"},\"query-input\":{\"@type\":\"PropertyValueSpecification\",\"valueRequired\":true,\"valueName\":\"search_term_string\"}}],\"inLanguage\":\"en-US\"},{\"@type\":\"Organization\",\"@id\":\"https:\/\/samsgrillhouse.ch\/#organization\",\"name\":\"Sam's Grillhouse\",\"url\":\"https:\/\/samsgrillhouse.ch\/\",\"logo\":{\"@type\":\"ImageObject\",\"inLanguage\":\"en-US\",\"@id\":\"https:\/\/samsgrillhouse.ch\/#\/schema\/logo\/image\/\",\"url\":\"https:\/\/samsgrillhouse.ch\/wp-content\/uploads\/2025\/08\/vertical-logo-1.webp\",\"contentUrl\":\"https:\/\/samsgrillhouse.ch\/wp-content\/uploads\/2025\/08\/vertical-logo-1.webp\",\"width\":407,\"height\":532,\"caption\":\"Sam's Grillhouse\"},\"image\":{\"@id\":\"https:\/\/samsgrillhouse.ch\/#\/schema\/logo\/image\/\"}}]}<\/script>\n<!-- \/ Yoast SEO plugin. -->","yoast_head_json":{"title":"Politique de Confidentialit\u00e9 - Sam&#039;s Grill House","description":"D\u00e9couvrez comment Sam\u2019s Grillhouse prot\u00e8ge vos donn\u00e9es personnelles selon le RGPD et la loi suisse sur la protection des donn\u00e9es.","robots":{"index":"index","follow":"follow","max-snippet":"max-snippet:-1","max-image-preview":"max-image-preview:large","max-video-preview":"max-video-preview:-1"},"canonical":"https:\/\/samsgrillhouse.ch\/en\/privacy-policy\/","og_locale":"en_US","og_type":"article","og_title":"Politique de Confidentialit\u00e9 - Sam&#039;s Grill House","og_description":"D\u00e9couvrez comment Sam\u2019s Grillhouse prot\u00e8ge vos donn\u00e9es personnelles selon le RGPD et la loi suisse sur la protection des donn\u00e9es.","og_url":"https:\/\/samsgrillhouse.ch\/en\/privacy-policy\/","og_site_name":"Sam&#039;s Grill House","article_modified_time":"2025-08-13T07:44:04+00:00","og_image":[{"width":800,"height":800,"url":"https:\/\/samsgrillhouse.ch\/wp-content\/uploads\/2025\/08\/favicon-1.webp","type":"image\/webp"}],"twitter_card":"summary_large_image","twitter_misc":{"Est. reading time":"2 minutes"},"schema":{"@context":"https:\/\/schema.org","@graph":[{"@type":"WebPage","@id":"https:\/\/samsgrillhouse.ch\/privacy-policy\/","url":"https:\/\/samsgrillhouse.ch\/privacy-policy\/","name":"Politique de Confidentialit\u00e9 - Sam&#039;s Grill House","isPartOf":{"@id":"https:\/\/samsgrillhouse.ch\/#website"},"primaryImageOfPage":{"@id":"https:\/\/samsgrillhouse.ch\/privacy-policy\/#primaryimage"},"image":{"@id":"https:\/\/samsgrillhouse.ch\/privacy-policy\/#primaryimage"},"thumbnailUrl":"https:\/\/samsgrillhouse.ch\/wp-content\/uploads\/2025\/08\/favicon-1.webp","datePublished":"2025-08-12T07:26:16+00:00","dateModified":"2025-08-13T07:44:04+00:00","description":"D\u00e9couvrez comment Sam\u2019s Grillhouse prot\u00e8ge vos donn\u00e9es personnelles selon le RGPD et la loi suisse sur la protection des donn\u00e9es.","breadcrumb":{"@id":"https:\/\/samsgrillhouse.ch\/privacy-policy\/#breadcrumb"},"inLanguage":"en-US","potentialAction":[{"@type":"ReadAction","target":["https:\/\/samsgrillhouse.ch\/privacy-policy\/"]}]},{"@type":"ImageObject","inLanguage":"en-US","@id":"https:\/\/samsgrillhouse.ch\/privacy-policy\/#primaryimage","url":"https:\/\/samsgrillhouse.ch\/wp-content\/uploads\/2025\/08\/favicon-1.webp","contentUrl":"https:\/\/samsgrillhouse.ch\/wp-content\/uploads\/2025\/08\/favicon-1.webp","width":800,"height":800},{"@type":"BreadcrumbList","@id":"https:\/\/samsgrillhouse.ch\/privacy-policy\/#breadcrumb","itemListElement":[{"@type":"ListItem","position":1,"name":"Home","item":"https:\/\/samsgrillhouse.ch\/"},{"@type":"ListItem","position":2,"name":"Politique de Confidentialit\u00e9"}]},{"@type":"WebSite","@id":"https:\/\/samsgrillhouse.ch\/#website","url":"https:\/\/samsgrillhouse.ch\/","name":"Sam's Grillhouse","description":"Swiss Fire Flavour","publisher":{"@id":"https:\/\/samsgrillhouse.ch\/#organization"},"potentialAction":[{"@type":"SearchAction","target":{"@type":"EntryPoint","urlTemplate":"https:\/\/samsgrillhouse.ch\/?s={search_term_string}"},"query-input":{"@type":"PropertyValueSpecification","valueRequired":true,"valueName":"search_term_string"}}],"inLanguage":"en-US"},{"@type":"Organization","@id":"https:\/\/samsgrillhouse.ch\/#organization","name":"Sam's Grillhouse","url":"https:\/\/samsgrillhouse.ch\/","logo":{"@type":"ImageObject","inLanguage":"en-US","@id":"https:\/\/samsgrillhouse.ch\/#\/schema\/logo\/image\/","url":"https:\/\/samsgrillhouse.ch\/wp-content\/uploads\/2025\/08\/vertical-logo-1.webp","contentUrl":"https:\/\/samsgrillhouse.ch\/wp-content\/uploads\/2025\/08\/vertical-logo-1.webp","width":407,"height":532,"caption":"Sam's Grillhouse"},"image":{"@id":"https:\/\/samsgrillhouse.ch\/#\/schema\/logo\/image\/"}}]}},"_links":{"self":[{"href":"https:\/\/samsgrillhouse.ch\/en\/wp-json\/wp\/v2\/pages\/3","targetHints":{"allow":["GET"]}}],"collection":[{"href":"https:\/\/samsgrillhouse.ch\/en\/wp-json\/wp\/v2\/pages"}],"about":[{"href":"https:\/\/samsgrillhouse.ch\/en\/wp-json\/wp\/v2\/types\/page"}],"author":[{"embeddable":true,"href":"https:\/\/samsgrillhouse.ch\/en\/wp-json\/wp\/v2\/users\/1"}],"replies":[{"embeddable":true,"href":"https:\/\/samsgrillhouse.ch\/en\/wp-json\/wp\/v2\/comments?post=3"}],"version-history":[{"count":0,"href":"https:\/\/samsgrillhouse.ch\/en\/wp-json\/wp\/v2\/pages\/3\/revisions"}],"wp:featuredmedia":[{"embeddable":true,"href":"https:\/\/samsgrillhouse.ch\/en\/wp-json\/wp\/v2\/media\/1885"}],"wp:attachment":[{"href":"https:\/\/samsgrillhouse.ch\/en\/wp-json\/wp\/v2\/media?parent=3"}],"curies":[{"name":"wp","href":"https:\/\/api.w.org\/{rel}","templated":true}]}}