{"id":1854,"date":"2024-06-29T11:14:04","date_gmt":"2024-06-29T11:14:04","guid":{"rendered":"http:\/\/xtratheme.com\/default\/?page_id=17"},"modified":"2025-08-22T12:18:31","modified_gmt":"2025-08-22T12:18:31","slug":"contact","status":"publish","type":"page","link":"https:\/\/samsgrillhouse.ch\/en\/contact\/","title":{"rendered":"Contact us"},"content":{"rendered":"<div data-elementor-type=\"wp-page\" data-elementor-id=\"1854\" class=\"elementor elementor-1854\">\n\t\t\t\t<div class=\"elementor-element elementor-element-b54983d e-flex e-con-boxed elementor-invisible e-con e-parent\" data-id=\"b54983d\" data-element_type=\"container\" data-settings=\"{&quot;animation&quot;:&quot;fadeInUp&quot;}\">\n\t\t\t\t\t<div class=\"e-con-inner\">\n\t\t<div class=\"elementor-element elementor-element-85f5b3d e-con-full e-flex e-con e-child\" data-id=\"85f5b3d\" data-element_type=\"container\">\n\t\t\t\t<div class=\"elementor-element elementor-element-93e78d0 elementor-widget elementor-widget-cz_title\" data-id=\"93e78d0\" data-element_type=\"widget\" data-widget_type=\"cz_title.default\">\n\t\t\t\t<div class=\"elementor-widget-container\">\n\t\t\t\t\t\t\r\n\t\t<div>\r\n\t\t\t<div class=\"cz_title clr cz_title_has_icon cz_title_pos_inline\"><a href=\"mailto:info@samsgrillhouse.ch\"><div class=\"cz_title_content\"><i class=\"cz_title_icon_before fa czico-093-email\"><\/i><div class=\"cz_wpe_content\"><h5><span style=\"color: #e31f25;\">E-Mail:<\/span><\/h5><p>info@samsgrillhouse.ch<\/p><\/div><\/div><\/a><\/div>\r\n\t\t<\/div>\r\n\t\t\r\n\t\t\t\t\t\t<\/div>\n\t\t\t\t<\/div>\n\t\t\t\t<\/div>\n\t\t<div class=\"elementor-element elementor-element-e4af517 e-con-full e-flex e-con e-child\" data-id=\"e4af517\" data-element_type=\"container\">\n\t\t\t\t<div class=\"elementor-element elementor-element-705c1b7 elementor-widget elementor-widget-cz_title\" data-id=\"705c1b7\" data-element_type=\"widget\" data-widget_type=\"cz_title.default\">\n\t\t\t\t<div class=\"elementor-widget-container\">\n\t\t\t\t\t\t\r\n\t\t<div>\r\n\t\t\t<div class=\"cz_title clr cz_title_has_icon cz_title_pos_inline\"><a href=\"tel:+41225548112\"><div class=\"cz_title_content\"><i class=\"cz_title_icon_before fa czico-092-phone-call-1\"><\/i><div class=\"cz_wpe_content\"><h5><span style=\"color: #e31f25;\">Phone number:<\/span><\/h5><p>+41 22 554 81 12<\/p><\/div><\/div><\/a><\/div>\r\n\t\t<\/div>\r\n\t\t\r\n\t\t\t\t\t\t<\/div>\n\t\t\t\t<\/div>\n\t\t\t\t<\/div>\n\t\t<div class=\"elementor-element elementor-element-67fcbbc e-con-full e-flex e-con e-child\" data-id=\"67fcbbc\" data-element_type=\"container\">\n\t\t\t\t<div class=\"elementor-element elementor-element-511c99a elementor-widget elementor-widget-cz_title\" data-id=\"511c99a\" data-element_type=\"widget\" data-widget_type=\"cz_title.default\">\n\t\t\t\t<div class=\"elementor-widget-container\">\n\t\t\t\t\t\t\r\n\t\t<div>\r\n\t\t\t<div class=\"cz_title clr cz_title_has_icon cz_title_pos_inline\"><a href=\"https:\/\/maps.app.goo.gl\/bz3wDBhW2KnLbMZbA\" target=\"_blank\"><div class=\"cz_title_content\"><i class=\"cz_title_icon_before fa czico-083-placeholder-1\"><\/i><div class=\"cz_wpe_content\"><h5><span style=\"color: #e31f25;\">Address:<\/span><\/h5><p>Rue du Mont-Blanc 16, 1201 Geneva, Switzerland<\/p><\/div><\/div><\/a><\/div>\r\n\t\t<\/div>\r\n\t\t\r\n\t\t\t\t\t\t<\/div>\n\t\t\t\t<\/div>\n\t\t\t\t<\/div>\n\t\t\t\t\t<\/div>\n\t\t\t\t<\/div>\n\t\t<div class=\"elementor-element elementor-element-4121686 e-flex e-con-boxed elementor-invisible e-con e-parent\" data-id=\"4121686\" data-element_type=\"container\" data-settings=\"{&quot;animation&quot;:&quot;fadeInUp&quot;}\">\n\t\t\t\t\t<div class=\"e-con-inner\">\n\t\t\t\t<div class=\"elementor-element elementor-element-a20140e elementor-widget elementor-widget-cz_free_line\" data-id=\"a20140e\" data-element_type=\"widget\" data-widget_type=\"cz_free_line.default\">\n\t\t\t\t<div class=\"elementor-widget-container\">\n\t\t\t\t\t\t\t<div class=\"relative\">\r\n\t\t\t<div  class=\"cz_line tal\"><\/div>\r\n\t\t<\/div>\r\n\t\t<div class=\"clr\"><\/div>\r\n\t\t\t\t\t\t<\/div>\n\t\t\t\t<\/div>\n\t\t\t\t\t<\/div>\n\t\t\t\t<\/div>\n\t\t<div class=\"elementor-element elementor-element-c80f1fe e-flex e-con-boxed elementor-invisible e-con e-parent\" data-id=\"c80f1fe\" data-element_type=\"container\" data-settings=\"{&quot;animation&quot;:&quot;fadeInUp&quot;}\">\n\t\t\t\t\t<div class=\"e-con-inner\">\n\t\t<div class=\"elementor-element elementor-element-cbc4ff8 e-con-full e-flex e-con e-child\" data-id=\"cbc4ff8\" data-element_type=\"container\">\n\t\t\t\t<div class=\"elementor-element elementor-element-8975f7d elementor-widget elementor-widget-cz_title\" data-id=\"8975f7d\" data-element_type=\"widget\" data-settings=\"{&quot;_animation&quot;:&quot;none&quot;}\" data-widget_type=\"cz_title.default\">\n\t\t\t\t<div class=\"elementor-widget-container\">\n\t\t\t\t\t\t\r\n\t\t<div>\r\n\t\t\t<div class=\"cz_title clr cz_mobile_text_center cz_title_pos_inline tac\"><div class=\"cz_title_content\"><div class=\"cz_wpe_content\"><h2 style=\"text-align: center;\">Write to us<\/h2><\/div><\/div><\/div>\r\n\t\t<\/div>\r\n\t\t\r\n\t\t\t\t\t\t<\/div>\n\t\t\t\t<\/div>\n\t\t\t\t<div class=\"elementor-element elementor-element-6e067ad elementor-widget elementor-widget-cz_contact_form_7\" data-id=\"6e067ad\" data-element_type=\"widget\" data-settings=\"{&quot;_animation&quot;:&quot;none&quot;}\" data-widget_type=\"cz_contact_form_7.default\">\n\t\t\t\t<div class=\"elementor-widget-container\">\n\t\t\t\t\t\t\t<div class=\"cz_cf7 clr\">\r\n\t\t\t<div>\n<div class=\"wpcf7 no-js\" id=\"wpcf7-f126-o1\" lang=\"en-US\" dir=\"ltr\" data-wpcf7-id=\"126\">\n<div class=\"screen-reader-response\"><p role=\"status\" aria-live=\"polite\" aria-atomic=\"true\"><\/p> <ul><\/ul><\/div>\n<form action=\"\/en\/wp-json\/wp\/v2\/pages\/1854#wpcf7-f126-o1\" method=\"post\" class=\"wpcf7-form init\" aria-label=\"Contact form\" novalidate=\"novalidate\" data-status=\"init\" data-trp-original-action=\"\/en\/wp-json\/wp\/v2\/pages\/1854#wpcf7-f126-o1\">\n<fieldset class=\"hidden-fields-container\"><input type=\"hidden\" name=\"_wpcf7\" value=\"126\" \/><input type=\"hidden\" name=\"_wpcf7_version\" value=\"6.1.1\" \/><input type=\"hidden\" name=\"_wpcf7_locale\" value=\"en_US\" \/><input type=\"hidden\" name=\"_wpcf7_unit_tag\" value=\"wpcf7-f126-o1\" \/><input type=\"hidden\" name=\"_wpcf7_container_post\" value=\"0\" \/><input type=\"hidden\" name=\"_wpcf7_posted_data_hash\" value=\"\" \/>\n<\/fieldset>\n<p><span class=\"wpcf7-form-control-wrap\" data-name=\"your-name\"><input size=\"40\" maxlength=\"400\" class=\"wpcf7-form-control wpcf7-text wpcf7-validates-as-required\" aria-required=\"true\" aria-invalid=\"false\" placeholder=\"Your name (*)\" value=\"\" type=\"text\" name=\"your-name\" \/><\/span>\n<\/p>\n<p><span class=\"wpcf7-form-control-wrap\" data-name=\"your-email\"><input size=\"40\" maxlength=\"400\" class=\"wpcf7-form-control wpcf7-email wpcf7-validates-as-required wpcf7-text wpcf7-validates-as-email\" aria-required=\"true\" aria-invalid=\"false\" placeholder=\"Your E-Mail (*)\" value=\"\" type=\"email\" name=\"your-email\" \/><\/span>\n<\/p>\n<p><span class=\"wpcf7-form-control-wrap\" data-name=\"your-subject\"><input size=\"40\" maxlength=\"400\" class=\"wpcf7-form-control wpcf7-text\" aria-invalid=\"false\" placeholder=\"Object\" value=\"\" type=\"text\" name=\"your-subject\" \/><\/span>\n<\/p>\n<p><span class=\"wpcf7-form-control-wrap\" data-name=\"menu-178\"><select class=\"wpcf7-form-control wpcf7-select\" aria-invalid=\"false\" name=\"menu-178\"><option value=\"Assistance Technique\">Technical Support<\/option><option value=\"\u00c0 Propos de la R\u00e9servation\">About Booking<\/option><option value=\"\u00c0 Propos du Restaurant\">About the Restaurant<\/option><option value=\"Autres\">Other<\/option><\/select><\/span>\n<\/p>\n<p><span class=\"wpcf7-form-control-wrap\" data-name=\"your-message\"><textarea cols=\"40\" rows=\"10\" maxlength=\"2000\" class=\"wpcf7-form-control wpcf7-textarea\" aria-invalid=\"false\" placeholder=\"Your message\" name=\"your-message\"><\/textarea><\/span>\n<\/p>\n<p><input class=\"wpcf7-form-control wpcf7-submit has-spinner\" type=\"submit\" value=\"Send a Message\" \/>\n<\/p><div class=\"wpcf7-response-output\" aria-hidden=\"true\"><\/div>\n<input type=\"hidden\" name=\"trp-form-language\" value=\"en\"\/><\/form>\n<\/div>\n<\/div>\r\n\t\t<\/div>\r\n\t\t\t\t\t\t<\/div>\n\t\t\t\t<\/div>\n\t\t\t\t<\/div>\n\t\t\t\t\t<\/div>\n\t\t\t\t<\/div>\n\t\t<div class=\"elementor-element elementor-element-434dc5a codevz-con-stretch-yes e-con-full e-flex e-con e-parent\" data-id=\"434dc5a\" data-element_type=\"container\">\n\t\t\t\t<div class=\"elementor-element elementor-element-eb32290 elementor-widget elementor-widget-google_maps\" data-id=\"eb32290\" data-element_type=\"widget\" data-widget_type=\"google_maps.default\">\n\t\t\t\t\t\t\t<div class=\"elementor-custom-embed\">\n\t\t\t<iframe loading=\"lazy\"\n\t\t\t\t\tsrc=\"https:\/\/maps.google.com\/maps?q=Rue%20du%20Mont-Blanc%2016%2C%201201%20Gen%C3%A8ve%2C%20Suisse&#038;t=m&#038;z=15&#038;output=embed&#038;iwloc=near\"\n\t\t\t\t\ttitle=\"Rue du Mont-Blanc 16, 1201 Geneva, Switzerland\"\n\t\t\t\t\taria-label=\"Rue du Mont-Blanc 16, 1201 Geneva, Switzerland\"\n\t\t\t><\/iframe>\n\t\t<\/div>\n\t\t\t\t\t\t<\/div>\n\t\t\t\t<\/div>\n\t\t\t\t<\/div>","protected":false},"excerpt":{"rendered":"<p>E-Mail: info@samsgrillhouse.ch T\u00e9l\u00e9phone: +41 22 554 81 12 Adresse: Rue du &#8230; <\/p>","protected":false},"author":1,"featured_media":1885,"parent":0,"menu_order":0,"comment_status":"closed","ping_status":"closed","template":"","meta":{"footnotes":""},"class_list":["post-1854","page","type-page","status-publish","has-post-thumbnail","hentry"],"yoast_head":"<!-- This site is optimized with the Yoast SEO plugin v25.7 - https:\/\/yoast.com\/wordpress\/plugins\/seo\/ -->\n<title>Contactez Nous - Sam&#039;s Grill House<\/title>\n<meta name=\"description\" content=\"Contactez Sam\u2019s Grillhouse pour toute r\u00e9servation, commande ou information. Nous sommes \u00e0 votre \u00e9coute en Suisse.\" \/>\n<meta name=\"robots\" content=\"index, follow, max-snippet:-1, max-image-preview:large, max-video-preview:-1\" \/>\n<link rel=\"canonical\" href=\"https:\/\/samsgrillhouse.ch\/en\/contact\/\" \/>\n<meta property=\"og:locale\" content=\"en_US\" \/>\n<meta property=\"og:type\" content=\"article\" \/>\n<meta property=\"og:title\" content=\"Contactez Nous - Sam&#039;s Grill House\" \/>\n<meta property=\"og:description\" content=\"Contactez Sam\u2019s Grillhouse pour toute r\u00e9servation, commande ou information. Nous sommes \u00e0 votre \u00e9coute en Suisse.\" \/>\n<meta property=\"og:url\" content=\"https:\/\/samsgrillhouse.ch\/en\/contact\/\" \/>\n<meta property=\"og:site_name\" content=\"Sam&#039;s Grill House\" \/>\n<meta property=\"article:modified_time\" content=\"2025-08-22T12:18:31+00:00\" \/>\n<meta property=\"og:image\" content=\"https:\/\/samsgrillhouse.ch\/wp-content\/uploads\/2025\/08\/favicon-1.webp\" \/>\n\t<meta property=\"og:image:width\" content=\"800\" \/>\n\t<meta property=\"og:image:height\" content=\"800\" \/>\n\t<meta property=\"og:image:type\" content=\"image\/webp\" \/>\n<meta name=\"twitter:card\" content=\"summary_large_image\" \/>\n<meta name=\"twitter:label1\" content=\"Est. reading time\" \/>\n\t<meta name=\"twitter:data1\" content=\"1 minute\" \/>\n<script type=\"application\/ld+json\" class=\"yoast-schema-graph\">{\"@context\":\"https:\/\/schema.org\",\"@graph\":[{\"@type\":\"WebPage\",\"@id\":\"https:\/\/samsgrillhouse.ch\/contact\/\",\"url\":\"https:\/\/samsgrillhouse.ch\/contact\/\",\"name\":\"Contactez Nous - Sam&#039;s Grill House\",\"isPartOf\":{\"@id\":\"https:\/\/samsgrillhouse.ch\/#website\"},\"primaryImageOfPage\":{\"@id\":\"https:\/\/samsgrillhouse.ch\/contact\/#primaryimage\"},\"image\":{\"@id\":\"https:\/\/samsgrillhouse.ch\/contact\/#primaryimage\"},\"thumbnailUrl\":\"https:\/\/samsgrillhouse.ch\/wp-content\/uploads\/2025\/08\/favicon-1.webp\",\"datePublished\":\"2024-06-29T11:14:04+00:00\",\"dateModified\":\"2025-08-22T12:18:31+00:00\",\"description\":\"Contactez Sam\u2019s Grillhouse pour toute r\u00e9servation, commande ou information. Nous sommes \u00e0 votre \u00e9coute en Suisse.\",\"breadcrumb\":{\"@id\":\"https:\/\/samsgrillhouse.ch\/contact\/#breadcrumb\"},\"inLanguage\":\"en-US\",\"potentialAction\":[{\"@type\":\"ReadAction\",\"target\":[\"https:\/\/samsgrillhouse.ch\/contact\/\"]}]},{\"@type\":\"ImageObject\",\"inLanguage\":\"en-US\",\"@id\":\"https:\/\/samsgrillhouse.ch\/contact\/#primaryimage\",\"url\":\"https:\/\/samsgrillhouse.ch\/wp-content\/uploads\/2025\/08\/favicon-1.webp\",\"contentUrl\":\"https:\/\/samsgrillhouse.ch\/wp-content\/uploads\/2025\/08\/favicon-1.webp\",\"width\":800,\"height\":800},{\"@type\":\"BreadcrumbList\",\"@id\":\"https:\/\/samsgrillhouse.ch\/contact\/#breadcrumb\",\"itemListElement\":[{\"@type\":\"ListItem\",\"position\":1,\"name\":\"Home\",\"item\":\"https:\/\/samsgrillhouse.ch\/\"},{\"@type\":\"ListItem\",\"position\":2,\"name\":\"Contactez Nous\"}]},{\"@type\":\"WebSite\",\"@id\":\"https:\/\/samsgrillhouse.ch\/#website\",\"url\":\"https:\/\/samsgrillhouse.ch\/\",\"name\":\"Sam's Grillhouse\",\"description\":\"La Saveur au Feu de Suisse\",\"publisher\":{\"@id\":\"https:\/\/samsgrillhouse.ch\/#organization\"},\"potentialAction\":[{\"@type\":\"SearchAction\",\"target\":{\"@type\":\"EntryPoint\",\"urlTemplate\":\"https:\/\/samsgrillhouse.ch\/?s={search_term_string}\"},\"query-input\":{\"@type\":\"PropertyValueSpecification\",\"valueRequired\":true,\"valueName\":\"search_term_string\"}}],\"inLanguage\":\"en-US\"},{\"@type\":\"Organization\",\"@id\":\"https:\/\/samsgrillhouse.ch\/#organization\",\"name\":\"Sam's Grillhouse\",\"url\":\"https:\/\/samsgrillhouse.ch\/\",\"logo\":{\"@type\":\"ImageObject\",\"inLanguage\":\"en-US\",\"@id\":\"https:\/\/samsgrillhouse.ch\/#\/schema\/logo\/image\/\",\"url\":\"https:\/\/samsgrillhouse.ch\/wp-content\/uploads\/2025\/08\/vertical-logo-1.webp\",\"contentUrl\":\"https:\/\/samsgrillhouse.ch\/wp-content\/uploads\/2025\/08\/vertical-logo-1.webp\",\"width\":407,\"height\":532,\"caption\":\"Sam's Grillhouse\"},\"image\":{\"@id\":\"https:\/\/samsgrillhouse.ch\/#\/schema\/logo\/image\/\"}}]}<\/script>\n<!-- \/ Yoast SEO plugin. -->","yoast_head_json":{"title":"Contactez Nous - Sam&#039;s Grill House","description":"Contactez Sam\u2019s Grillhouse pour toute r\u00e9servation, commande ou information. Nous sommes \u00e0 votre \u00e9coute en Suisse.","robots":{"index":"index","follow":"follow","max-snippet":"max-snippet:-1","max-image-preview":"max-image-preview:large","max-video-preview":"max-video-preview:-1"},"canonical":"https:\/\/samsgrillhouse.ch\/en\/contact\/","og_locale":"en_US","og_type":"article","og_title":"Contactez Nous - Sam&#039;s Grill House","og_description":"Contactez Sam\u2019s Grillhouse pour toute r\u00e9servation, commande ou information. Nous sommes \u00e0 votre \u00e9coute en Suisse.","og_url":"https:\/\/samsgrillhouse.ch\/en\/contact\/","og_site_name":"Sam&#039;s Grill House","article_modified_time":"2025-08-22T12:18:31+00:00","og_image":[{"width":800,"height":800,"url":"https:\/\/samsgrillhouse.ch\/wp-content\/uploads\/2025\/08\/favicon-1.webp","type":"image\/webp"}],"twitter_card":"summary_large_image","twitter_misc":{"Est. reading time":"1 minute"},"schema":{"@context":"https:\/\/schema.org","@graph":[{"@type":"WebPage","@id":"https:\/\/samsgrillhouse.ch\/contact\/","url":"https:\/\/samsgrillhouse.ch\/contact\/","name":"Contactez Nous - Sam&#039;s Grill House","isPartOf":{"@id":"https:\/\/samsgrillhouse.ch\/#website"},"primaryImageOfPage":{"@id":"https:\/\/samsgrillhouse.ch\/contact\/#primaryimage"},"image":{"@id":"https:\/\/samsgrillhouse.ch\/contact\/#primaryimage"},"thumbnailUrl":"https:\/\/samsgrillhouse.ch\/wp-content\/uploads\/2025\/08\/favicon-1.webp","datePublished":"2024-06-29T11:14:04+00:00","dateModified":"2025-08-22T12:18:31+00:00","description":"Contactez Sam\u2019s Grillhouse pour toute r\u00e9servation, commande ou information. Nous sommes \u00e0 votre \u00e9coute en Suisse.","breadcrumb":{"@id":"https:\/\/samsgrillhouse.ch\/contact\/#breadcrumb"},"inLanguage":"en-US","potentialAction":[{"@type":"ReadAction","target":["https:\/\/samsgrillhouse.ch\/contact\/"]}]},{"@type":"ImageObject","inLanguage":"en-US","@id":"https:\/\/samsgrillhouse.ch\/contact\/#primaryimage","url":"https:\/\/samsgrillhouse.ch\/wp-content\/uploads\/2025\/08\/favicon-1.webp","contentUrl":"https:\/\/samsgrillhouse.ch\/wp-content\/uploads\/2025\/08\/favicon-1.webp","width":800,"height":800},{"@type":"BreadcrumbList","@id":"https:\/\/samsgrillhouse.ch\/contact\/#breadcrumb","itemListElement":[{"@type":"ListItem","position":1,"name":"Home","item":"https:\/\/samsgrillhouse.ch\/"},{"@type":"ListItem","position":2,"name":"Contactez Nous"}]},{"@type":"WebSite","@id":"https:\/\/samsgrillhouse.ch\/#website","url":"https:\/\/samsgrillhouse.ch\/","name":"Sam's Grillhouse","description":"Swiss Fire Flavour","publisher":{"@id":"https:\/\/samsgrillhouse.ch\/#organization"},"potentialAction":[{"@type":"SearchAction","target":{"@type":"EntryPoint","urlTemplate":"https:\/\/samsgrillhouse.ch\/?s={search_term_string}"},"query-input":{"@type":"PropertyValueSpecification","valueRequired":true,"valueName":"search_term_string"}}],"inLanguage":"en-US"},{"@type":"Organization","@id":"https:\/\/samsgrillhouse.ch\/#organization","name":"Sam's Grillhouse","url":"https:\/\/samsgrillhouse.ch\/","logo":{"@type":"ImageObject","inLanguage":"en-US","@id":"https:\/\/samsgrillhouse.ch\/#\/schema\/logo\/image\/","url":"https:\/\/samsgrillhouse.ch\/wp-content\/uploads\/2025\/08\/vertical-logo-1.webp","contentUrl":"https:\/\/samsgrillhouse.ch\/wp-content\/uploads\/2025\/08\/vertical-logo-1.webp","width":407,"height":532,"caption":"Sam's Grillhouse"},"image":{"@id":"https:\/\/samsgrillhouse.ch\/#\/schema\/logo\/image\/"}}]}},"_links":{"self":[{"href":"https:\/\/samsgrillhouse.ch\/en\/wp-json\/wp\/v2\/pages\/1854","targetHints":{"allow":["GET"]}}],"collection":[{"href":"https:\/\/samsgrillhouse.ch\/en\/wp-json\/wp\/v2\/pages"}],"about":[{"href":"https:\/\/samsgrillhouse.ch\/en\/wp-json\/wp\/v2\/types\/page"}],"author":[{"embeddable":true,"href":"https:\/\/samsgrillhouse.ch\/en\/wp-json\/wp\/v2\/users\/1"}],"replies":[{"embeddable":true,"href":"https:\/\/samsgrillhouse.ch\/en\/wp-json\/wp\/v2\/comments?post=1854"}],"version-history":[{"count":0,"href":"https:\/\/samsgrillhouse.ch\/en\/wp-json\/wp\/v2\/pages\/1854\/revisions"}],"wp:featuredmedia":[{"embeddable":true,"href":"https:\/\/samsgrillhouse.ch\/en\/wp-json\/wp\/v2\/media\/1885"}],"wp:attachment":[{"href":"https:\/\/samsgrillhouse.ch\/en\/wp-json\/wp\/v2\/media?parent=1854"}],"curies":[{"name":"wp","href":"https:\/\/api.w.org\/{rel}","templated":true}]}}