{"id":863,"date":"2024-06-29T11:10:26","date_gmt":"2024-06-29T11:10:26","guid":{"rendered":"http:\/\/xtratheme.com\/default\/?page_id=4"},"modified":"2025-09-17T10:56:59","modified_gmt":"2025-09-17T10:56:59","slug":"accueil","status":"publish","type":"page","link":"https:\/\/samsgrillhouse.ch\/de\/","title":{"rendered":"Startseite"},"content":{"rendered":"<div data-elementor-type=\"wp-page\" data-elementor-id=\"863\" class=\"elementor elementor-863\">\n\t\t\t\t<div class=\"elementor-element elementor-element-246289e e-flex e-con-boxed e-con e-parent\" data-id=\"246289e\" data-element_type=\"container\">\n\t\t\t\t\t<div class=\"e-con-inner\">\n\t\t<div class=\"elementor-element elementor-element-82dfb21 e-con-full e-flex elementor-invisible e-con e-child\" data-id=\"82dfb21\" data-element_type=\"container\" data-settings=\"{&quot;animation&quot;:&quot;fadeInUp&quot;}\">\n\t\t\t\t<div class=\"elementor-element elementor-element-c3bf2f9 elementor-widget elementor-widget-cz_title\" data-id=\"c3bf2f9\" data-element_type=\"widget\" data-settings=\"{&quot;_animation&quot;:&quot;none&quot;}\" data-widget_type=\"cz_title.default\">\n\t\t\t\t<div class=\"elementor-widget-container\">\n\t\t\t\t\t\t\r\n\t\t<div>\r\n\t\t\t<div class=\"cz_title clr cz_mobile_text_center cz_title_pos_inline\"><div class=\"cz_title_content\"><div class=\"cz_wpe_content\"><h1>Sam's <span style=\"color: #e31f25;\">Grill House<\/span><\/h1><\/div><\/div><\/div>\r\n\t\t<\/div>\r\n\t\t\r\n\t\t\t\t\t\t<\/div>\n\t\t\t\t<\/div>\n\t\t\t\t<div class=\"elementor-element elementor-element-992d55a elementor-widget elementor-widget-cz_title\" data-id=\"992d55a\" data-element_type=\"widget\" data-settings=\"{&quot;_animation&quot;:&quot;none&quot;}\" data-widget_type=\"cz_title.default\">\n\t\t\t\t<div class=\"elementor-widget-container\">\n\t\t\t\t\t\t\r\n\t\t<div>\r\n\t\t\t<div class=\"cz_title clr cz_mobile_text_center cz_title_pos_inline\"><div class=\"cz_title_content\"><div class=\"cz_wpe_content\"><p>Die Geschichte von Salman Kara ist vor allem die Geschichte einer Leidenschaft f\u00fcr das Kochen, die er seit \u00fcber 30 Jahren hegt und pflegt. Sein Weg begann mit der Gr\u00fcndung von Sam's Tacos Burger Kebab, einem geselligen Ort, an dem er sein K\u00f6nnen und seinen Geschmackssinn zum Ausdruck bringen konnte. Mit dieser Erfahrung und dem Wunsch, noch weiter zu gehen, gr\u00fcndete er anschlie\u00dfend das Sam's Grill House in Genf.<\/p><p>\u00a0<\/p><p>Heute spiegelt jedes Gericht, das aus seiner K\u00fcche kommt, diese lange kulinarische Reise wider: die im Laufe der Jahre erworbene Meisterschaft, die Strenge bei der Auswahl der Zutaten und die Lust, authentische Geschm\u00e4cker in einer herzlichen Atmosph\u00e4re zu teilen.<\/p><p>\u00a0<\/p><p>Sam's Grill House ist nicht nur ein Restaurant, sondern das Ergebnis von drei Jahrzehnten Erfahrung und Leidenschaft.<\/p><\/div><\/div><\/div>\r\n\t\t<\/div>\r\n\t\t\r\n\t\t\t\t\t\t<\/div>\n\t\t\t\t<\/div>\n\t\t\t\t<div class=\"elementor-element elementor-element-de3a5a8 elementor-widget elementor-widget-cz_button\" data-id=\"de3a5a8\" data-element_type=\"widget\" data-settings=\"{&quot;_animation&quot;:&quot;none&quot;}\" data-widget_type=\"cz_button.default\">\n\t\t\t\t<div class=\"elementor-widget-container\">\n\t\t\t\t\t\t\t<div class=\"cz_btn_left cz_mobile_btn_center\">\r\n\t\t\t<div>\r\n\t\t\t\t<a href=\"\/wp-content\/uploads\/2025\/08\/MENU-SAMS.pdf\" target=\"_blank\" class=\"cz_btn cz_btn_txt_no_fx cz_btn_no_fx cz_btn_icon_after\">\r\n\r\n\t\t\t\t\t<span>\t\t\t\t\t\t<strong>Unser Men\u00fc\t\t\t\t\t\t\t\t\t\t\t\t\t<\/strong>\r\n\t\t\t\t\t\t\t\t\t\t\t<\/span>\r\n\r\n\t\t\t\t\t<b class=\"cz_btn_onhover\">\r\n\t\t\t\t\t\t\t\t\t\t\t\t<strong>\r\n\t\t\t\t\t\t\tUnser Men\u00fc\t\t\t\t\t\t\t\t\t\t\t\t\t<\/strong>\r\n\t\t\t\t\t\t\t\t\t\t\t<\/b>\r\n\r\n\t\t\t\t<\/a>\r\n\t\t\t<\/div>\r\n\t\t<\/div> <div class=\"clr\"><\/div>\t\t\t\t\t\t<\/div>\n\t\t\t\t<\/div>\n\t\t\t\t<div class=\"elementor-element elementor-element-117ea35 elementor-shape-circle elementor-grid-tablet-2 elementor-hidden-desktop elementor-grid-0 e-grid-align-center elementor-widget elementor-widget-social-icons\" data-id=\"117ea35\" data-element_type=\"widget\" data-widget_type=\"social-icons.default\">\n\t\t\t\t\t\t\t<div class=\"elementor-social-icons-wrapper elementor-grid\" role=\"list\">\n\t\t\t\t\t\t\t<span class=\"elementor-grid-item\" role=\"listitem\">\n\t\t\t\t\t<a class=\"elementor-icon elementor-social-icon elementor-social-icon-tiktok elementor-repeater-item-05b64cc\" href=\"https:\/\/www.tiktok.com\/@samsgrillhouse\" target=\"_blank\">\n\t\t\t\t\t\t<span class=\"elementor-screen-only\">Tiktok<\/span>\n\t\t\t\t\t\t<i class=\"fab fa-tiktok\"><\/i>\t\t\t\t\t<\/a>\n\t\t\t\t<\/span>\n\t\t\t\t\t\t\t<span class=\"elementor-grid-item\" role=\"listitem\">\n\t\t\t\t\t<a class=\"elementor-icon elementor-social-icon elementor-social-icon-instagram elementor-repeater-item-f15a6ca\" href=\"https:\/\/www.instagram.com\/samsgrillhouse\" target=\"_blank\">\n\t\t\t\t\t\t<span class=\"elementor-screen-only\">Instagram<\/span>\n\t\t\t\t\t\t<i class=\"fab fa-instagram\"><\/i>\t\t\t\t\t<\/a>\n\t\t\t\t<\/span>\n\t\t\t\t\t<\/div>\n\t\t\t\t\t\t<\/div>\n\t\t\t\t<\/div>\n\t\t<div class=\"elementor-element elementor-element-0988478 e-con-full e-flex e-con e-child\" data-id=\"0988478\" data-element_type=\"container\">\n\t\t\t\t<div class=\"elementor-element elementor-element-c297df4 elementor-invisible elementor-widget elementor-widget-image\" data-id=\"c297df4\" data-element_type=\"widget\" data-settings=\"{&quot;_animation&quot;:&quot;fadeInUp&quot;}\" data-widget_type=\"image.default\">\n\t\t\t\t\t\t\t\t\t\t\t\t\t\t\t<img fetchpriority=\"high\" decoding=\"async\" width=\"767\" height=\"1024\" src=\"https:\/\/samsgrillhouse.ch\/wp-content\/uploads\/2025\/09\/samss-767x1024.webp\" class=\"attachment-large size-large wp-image-2521\" alt=\"\" srcset=\"https:\/\/samsgrillhouse.ch\/wp-content\/uploads\/2025\/09\/samss-767x1024.webp 767w, https:\/\/samsgrillhouse.ch\/wp-content\/uploads\/2025\/09\/samss-225x300.webp 225w, https:\/\/samsgrillhouse.ch\/wp-content\/uploads\/2025\/09\/samss-768x1025.webp 768w, https:\/\/samsgrillhouse.ch\/wp-content\/uploads\/2025\/09\/samss-9x12.webp 9w, https:\/\/samsgrillhouse.ch\/wp-content\/uploads\/2025\/09\/samss-600x801.webp 600w, https:\/\/samsgrillhouse.ch\/wp-content\/uploads\/2025\/09\/samss-1000x1335.webp 1000w, https:\/\/samsgrillhouse.ch\/wp-content\/uploads\/2025\/09\/samss.webp 1065w\" sizes=\"(max-width: 767px) 100vw, 767px\" \/>\t\t\t\t\t\t\t\t\t\t\t\t\t\t\t<\/div>\n\t\t\t\t<\/div>\n\t\t\t\t\t<\/div>\n\t\t\t\t<\/div>\n\t\t\t\t<\/div>","protected":false},"excerpt":{"rendered":"<p>Sam's Grill House Die Geschichte von Salman Kara ist vor allem die Geschichte ... <\/p>","protected":false},"author":1,"featured_media":1885,"parent":0,"menu_order":0,"comment_status":"closed","ping_status":"closed","template":"","meta":{"footnotes":""},"class_list":["post-863","page","type-page","status-publish","has-post-thumbnail","hentry"],"yoast_head":"<!-- This site is optimized with the Yoast SEO plugin v25.7 - https:\/\/yoast.com\/wordpress\/plugins\/seo\/ -->\n<title>Sam&#039;s Grill House - La Saveur au Feu de Suisse<\/title>\n<meta name=\"description\" content=\"Sam\u2019s Grillhouse \u2013 Saveurs m\u00e9diterran\u00e9ennes authentiques, grillades, pid\u00e9s et mezz\u00e9s dans une ambiance chaleureuse en Suisse.\" \/>\n<meta name=\"robots\" content=\"index, follow, max-snippet:-1, max-image-preview:large, max-video-preview:-1\" \/>\n<link rel=\"canonical\" href=\"https:\/\/samsgrillhouse.ch\/de\/\" \/>\n<meta property=\"og:locale\" content=\"de_DE\" \/>\n<meta property=\"og:type\" content=\"article\" \/>\n<meta property=\"og:title\" content=\"Sam&#039;s Grill House - La Saveur au Feu de Suisse\" \/>\n<meta property=\"og:description\" content=\"Sam\u2019s Grillhouse \u2013 Saveurs m\u00e9diterran\u00e9ennes authentiques, grillades, pid\u00e9s et mezz\u00e9s dans une ambiance chaleureuse en Suisse.\" \/>\n<meta property=\"og:url\" content=\"https:\/\/samsgrillhouse.ch\/de\/\" \/>\n<meta property=\"og:site_name\" content=\"Sam&#039;s Grill House\" \/>\n<meta property=\"article:modified_time\" content=\"2025-09-17T10:56:59+00:00\" \/>\n<meta property=\"og:image\" content=\"https:\/\/samsgrillhouse.ch\/wp-content\/uploads\/2025\/08\/favicon-1.webp\" \/>\n\t<meta property=\"og:image:width\" content=\"800\" \/>\n\t<meta property=\"og:image:height\" content=\"800\" \/>\n\t<meta property=\"og:image:type\" content=\"image\/webp\" \/>\n<meta name=\"twitter:card\" content=\"summary_large_image\" \/>\n<meta name=\"twitter:label1\" content=\"Gesch\u00e4tzte Lesezeit\" \/>\n\t<meta name=\"twitter:data1\" content=\"1\u00a0Minute\" \/>\n<script type=\"application\/ld+json\" class=\"yoast-schema-graph\">{\"@context\":\"https:\/\/schema.org\",\"@graph\":[{\"@type\":\"WebPage\",\"@id\":\"https:\/\/samsgrillhouse.ch\/\",\"url\":\"https:\/\/samsgrillhouse.ch\/\",\"name\":\"Sam&#039;s Grill House - La Saveur au Feu de Suisse\",\"isPartOf\":{\"@id\":\"https:\/\/samsgrillhouse.ch\/#website\"},\"primaryImageOfPage\":{\"@id\":\"https:\/\/samsgrillhouse.ch\/#primaryimage\"},\"image\":{\"@id\":\"https:\/\/samsgrillhouse.ch\/#primaryimage\"},\"thumbnailUrl\":\"https:\/\/samsgrillhouse.ch\/wp-content\/uploads\/2025\/08\/favicon-1.webp\",\"datePublished\":\"2024-06-29T11:10:26+00:00\",\"dateModified\":\"2025-09-17T10:56:59+00:00\",\"description\":\"Sam\u2019s Grillhouse \u2013 Saveurs m\u00e9diterran\u00e9ennes authentiques, grillades, pid\u00e9s et mezz\u00e9s dans une ambiance chaleureuse en Suisse.\",\"breadcrumb\":{\"@id\":\"https:\/\/samsgrillhouse.ch\/#breadcrumb\"},\"inLanguage\":\"de-CH\",\"potentialAction\":[{\"@type\":\"ReadAction\",\"target\":[\"https:\/\/samsgrillhouse.ch\/\"]}]},{\"@type\":\"ImageObject\",\"inLanguage\":\"de-CH\",\"@id\":\"https:\/\/samsgrillhouse.ch\/#primaryimage\",\"url\":\"https:\/\/samsgrillhouse.ch\/wp-content\/uploads\/2025\/08\/favicon-1.webp\",\"contentUrl\":\"https:\/\/samsgrillhouse.ch\/wp-content\/uploads\/2025\/08\/favicon-1.webp\",\"width\":800,\"height\":800},{\"@type\":\"BreadcrumbList\",\"@id\":\"https:\/\/samsgrillhouse.ch\/#breadcrumb\",\"itemListElement\":[{\"@type\":\"ListItem\",\"position\":1,\"name\":\"Home\",\"item\":\"https:\/\/samsgrillhouse.ch\/\"},{\"@type\":\"ListItem\",\"position\":2,\"name\":\"Accueil\"}]},{\"@type\":\"WebSite\",\"@id\":\"https:\/\/samsgrillhouse.ch\/#website\",\"url\":\"https:\/\/samsgrillhouse.ch\/\",\"name\":\"Sam's Grillhouse\",\"description\":\"La Saveur au Feu de Suisse\",\"publisher\":{\"@id\":\"https:\/\/samsgrillhouse.ch\/#organization\"},\"potentialAction\":[{\"@type\":\"SearchAction\",\"target\":{\"@type\":\"EntryPoint\",\"urlTemplate\":\"https:\/\/samsgrillhouse.ch\/?s={search_term_string}\"},\"query-input\":{\"@type\":\"PropertyValueSpecification\",\"valueRequired\":true,\"valueName\":\"search_term_string\"}}],\"inLanguage\":\"de-CH\"},{\"@type\":\"Organization\",\"@id\":\"https:\/\/samsgrillhouse.ch\/#organization\",\"name\":\"Sam's Grillhouse\",\"url\":\"https:\/\/samsgrillhouse.ch\/\",\"logo\":{\"@type\":\"ImageObject\",\"inLanguage\":\"de-CH\",\"@id\":\"https:\/\/samsgrillhouse.ch\/#\/schema\/logo\/image\/\",\"url\":\"https:\/\/samsgrillhouse.ch\/wp-content\/uploads\/2025\/08\/vertical-logo-1.webp\",\"contentUrl\":\"https:\/\/samsgrillhouse.ch\/wp-content\/uploads\/2025\/08\/vertical-logo-1.webp\",\"width\":407,\"height\":532,\"caption\":\"Sam's Grillhouse\"},\"image\":{\"@id\":\"https:\/\/samsgrillhouse.ch\/#\/schema\/logo\/image\/\"}}]}<\/script>\n<!-- \/ Yoast SEO plugin. -->","yoast_head_json":{"title":"Sam's Grill House - Der Geschmack am Feuer aus der Schweiz","description":"Sam's Grillhouse - Authentische mediterrane Aromen, Grillspezialit\u00e4ten, Pid\u00e9s und Mezze in einer gem\u00fctlichen Atmosph\u00e4re in der Schweiz.","robots":{"index":"index","follow":"follow","max-snippet":"max-snippet:-1","max-image-preview":"max-image-preview:large","max-video-preview":"max-video-preview:-1"},"canonical":"https:\/\/samsgrillhouse.ch\/de\/","og_locale":"de_DE","og_type":"article","og_title":"Sam&#039;s Grill House - La Saveur au Feu de Suisse","og_description":"Sam\u2019s Grillhouse \u2013 Saveurs m\u00e9diterran\u00e9ennes authentiques, grillades, pid\u00e9s et mezz\u00e9s dans une ambiance chaleureuse en Suisse.","og_url":"https:\/\/samsgrillhouse.ch\/de\/","og_site_name":"Sam&#039;s Grill House","article_modified_time":"2025-09-17T10:56:59+00:00","og_image":[{"width":800,"height":800,"url":"https:\/\/samsgrillhouse.ch\/wp-content\/uploads\/2025\/08\/favicon-1.webp","type":"image\/webp"}],"twitter_card":"summary_large_image","twitter_misc":{"Gesch\u00e4tzte Lesezeit":"1\u00a0Minute"},"schema":{"@context":"https:\/\/schema.org","@graph":[{"@type":"WebPage","@id":"https:\/\/samsgrillhouse.ch\/","url":"https:\/\/samsgrillhouse.ch\/","name":"Sam's Grill House - Der Geschmack am Feuer aus der Schweiz","isPartOf":{"@id":"https:\/\/samsgrillhouse.ch\/#website"},"primaryImageOfPage":{"@id":"https:\/\/samsgrillhouse.ch\/#primaryimage"},"image":{"@id":"https:\/\/samsgrillhouse.ch\/#primaryimage"},"thumbnailUrl":"https:\/\/samsgrillhouse.ch\/wp-content\/uploads\/2025\/08\/favicon-1.webp","datePublished":"2024-06-29T11:10:26+00:00","dateModified":"2025-09-17T10:56:59+00:00","description":"Sam's Grillhouse - Authentische mediterrane Aromen, Grillspezialit\u00e4ten, Pid\u00e9s und Mezze in einer gem\u00fctlichen Atmosph\u00e4re in der Schweiz.","breadcrumb":{"@id":"https:\/\/samsgrillhouse.ch\/#breadcrumb"},"inLanguage":"de-CH","potentialAction":[{"@type":"ReadAction","target":["https:\/\/samsgrillhouse.ch\/"]}]},{"@type":"ImageObject","inLanguage":"de-CH","@id":"https:\/\/samsgrillhouse.ch\/#primaryimage","url":"https:\/\/samsgrillhouse.ch\/wp-content\/uploads\/2025\/08\/favicon-1.webp","contentUrl":"https:\/\/samsgrillhouse.ch\/wp-content\/uploads\/2025\/08\/favicon-1.webp","width":800,"height":800},{"@type":"BreadcrumbList","@id":"https:\/\/samsgrillhouse.ch\/#breadcrumb","itemListElement":[{"@type":"ListItem","position":1,"name":"Home","item":"https:\/\/samsgrillhouse.ch\/"},{"@type":"ListItem","position":2,"name":"Accueil"}]},{"@type":"WebSite","@id":"https:\/\/samsgrillhouse.ch\/#website","url":"https:\/\/samsgrillhouse.ch\/","name":"Sam's Grillhouse","description":"La Saveur au Feu aus der Schweiz","publisher":{"@id":"https:\/\/samsgrillhouse.ch\/#organization"},"potentialAction":[{"@type":"SearchAction","target":{"@type":"EntryPoint","urlTemplate":"https:\/\/samsgrillhouse.ch\/?s={search_term_string}"},"query-input":{"@type":"PropertyValueSpecification","valueRequired":true,"valueName":"search_term_string"}}],"inLanguage":"de-CH"},{"@type":"Organization","@id":"https:\/\/samsgrillhouse.ch\/#organization","name":"Sam's Grillhouse","url":"https:\/\/samsgrillhouse.ch\/","logo":{"@type":"ImageObject","inLanguage":"de-CH","@id":"https:\/\/samsgrillhouse.ch\/#\/schema\/logo\/image\/","url":"https:\/\/samsgrillhouse.ch\/wp-content\/uploads\/2025\/08\/vertical-logo-1.webp","contentUrl":"https:\/\/samsgrillhouse.ch\/wp-content\/uploads\/2025\/08\/vertical-logo-1.webp","width":407,"height":532,"caption":"Sam's Grillhouse"},"image":{"@id":"https:\/\/samsgrillhouse.ch\/#\/schema\/logo\/image\/"}}]}},"_links":{"self":[{"href":"https:\/\/samsgrillhouse.ch\/de\/wp-json\/wp\/v2\/pages\/863","targetHints":{"allow":["GET"]}}],"collection":[{"href":"https:\/\/samsgrillhouse.ch\/de\/wp-json\/wp\/v2\/pages"}],"about":[{"href":"https:\/\/samsgrillhouse.ch\/de\/wp-json\/wp\/v2\/types\/page"}],"author":[{"embeddable":true,"href":"https:\/\/samsgrillhouse.ch\/de\/wp-json\/wp\/v2\/users\/1"}],"replies":[{"embeddable":true,"href":"https:\/\/samsgrillhouse.ch\/de\/wp-json\/wp\/v2\/comments?post=863"}],"version-history":[{"count":0,"href":"https:\/\/samsgrillhouse.ch\/de\/wp-json\/wp\/v2\/pages\/863\/revisions"}],"wp:featuredmedia":[{"embeddable":true,"href":"https:\/\/samsgrillhouse.ch\/de\/wp-json\/wp\/v2\/media\/1885"}],"wp:attachment":[{"href":"https:\/\/samsgrillhouse.ch\/de\/wp-json\/wp\/v2\/media?parent=863"}],"curies":[{"name":"wp","href":"https:\/\/api.w.org\/{rel}","templated":true}]}}